{"id":6307,"date":"2020-05-07T08:35:38","date_gmt":"2020-05-07T08:35:38","guid":{"rendered":"https:\/\/primen.eu\/azienda\/"},"modified":"2023-08-03T07:59:06","modified_gmt":"2023-08-03T07:59:06","slug":"unternehmen","status":"publish","type":"page","link":"https:\/\/primen.eu\/de\/unternehmen\/","title":{"rendered":"Unternehmen"},"content":{"rendered":"\t\t<div data-elementor-type=\"wp-page\" data-elementor-id=\"6307\" class=\"elementor elementor-6307 elementor-1958\">\n\t\t\t\t\t\t<section class=\"elementor-section elementor-top-section elementor-element elementor-element-45dc5a6 elementor-section-full_width elementor-section-height-min-height elementor-section-stretched elementor-section-height-default elementor-section-items-middle\" data-id=\"45dc5a6\" data-element_type=\"section\" data-e-type=\"section\" data-settings=\"{&quot;stretch_section&quot;:&quot;section-stretched&quot;,&quot;background_background&quot;:&quot;slideshow&quot;,&quot;background_slideshow_gallery&quot;:[{&quot;id&quot;:&quot;7414&quot;,&quot;url&quot;:&quot;https:\\\/\\\/primen.eu\\\/wp-content\\\/uploads\\\/2023\\\/08\\\/Pagina-Azianda_HEADER-2.png&quot;}],&quot;background_slideshow_loop&quot;:&quot;yes&quot;,&quot;background_slideshow_slide_duration&quot;:5000,&quot;background_slideshow_slide_transition&quot;:&quot;fade&quot;,&quot;background_slideshow_transition_duration&quot;:500}\">\n\t\t\t\t\t\t<div class=\"elementor-container elementor-column-gap-default\">\n\t\t\t\t\t<div class=\"elementor-column elementor-col-100 elementor-top-column elementor-element elementor-element-6b8275a ot-flex-column-vertical\" data-id=\"6b8275a\" data-element_type=\"column\" data-e-type=\"column\">\n\t\t\t<div class=\"elementor-widget-wrap\">\n\t\t\t\t\t\t\t<\/div>\n\t\t<\/div>\n\t\t\t\t\t<\/div>\n\t\t<\/section>\n\t\t\t\t<section class=\"elementor-section elementor-top-section elementor-element elementor-element-bdd9939 elementor-section-content-middle elementor-section-boxed elementor-section-height-default elementor-section-height-default\" data-id=\"bdd9939\" data-element_type=\"section\" data-e-type=\"section\" data-settings=\"{&quot;background_background&quot;:&quot;classic&quot;}\">\n\t\t\t\t\t\t<div class=\"elementor-container elementor-column-gap-extended\">\n\t\t\t\t\t<div class=\"elementor-column elementor-col-100 elementor-top-column elementor-element elementor-element-c955026 ot-flex-column-vertical\" data-id=\"c955026\" data-element_type=\"column\" data-e-type=\"column\" data-settings=\"{&quot;background_background&quot;:&quot;classic&quot;}\">\n\t\t\t<div class=\"elementor-widget-wrap elementor-element-populated\">\n\t\t\t\t\t\t<section class=\"elementor-section elementor-inner-section elementor-element elementor-element-1e509dd elementor-section-boxed elementor-section-height-default elementor-section-height-default\" data-id=\"1e509dd\" data-element_type=\"section\" data-e-type=\"section\">\n\t\t\t\t\t\t<div class=\"elementor-container elementor-column-gap-default\">\n\t\t\t\t\t<div class=\"elementor-column elementor-col-50 elementor-inner-column elementor-element elementor-element-af27e2d ot-flex-column-vertical\" data-id=\"af27e2d\" data-element_type=\"column\" data-e-type=\"column\">\n\t\t\t<div class=\"elementor-widget-wrap elementor-element-populated\">\n\t\t\t\t\t\t<div class=\"elementor-element elementor-element-4408703 elementor-widget elementor-widget-text-editor\" data-id=\"4408703\" data-element_type=\"widget\" data-e-type=\"widget\" data-widget_type=\"text-editor.default\">\n\t\t\t\t<div class=\"elementor-widget-container\">\n\t\t\t\t\t\t\t\t\t<p><strong>Primen<\/strong> wurde als Handelsunternehmen gegr\u00fcndet, dessen prim\u00e4res Ziel der Verkauf von qualifizierten Produkten im Bereich der Metallschrott, Gusslegierungen f\u00fcr die Kunststoffverarbeitung ist.<\/p><p>Die Gesellschafter des Unternehmens k\u00f6nnen auf eine jahrzehntelange Erfahrung im Bereich der Metallrohstoffe, der Gie\u00dfereilegierungen und ihrer Anwendungen zur\u00fcckblicken.<\/p><p>Das Gesch\u00e4ftsportfolio des Unternehmens umfasst Hochleistungsgussteile und Zerschlagt zur Herstellung von Sekund\u00e4rlegierungen sowie AlSi PFA, ADC12 oder andere sekund\u00e4re Aluminiumlegierungen.<\/p><p>Seit dem Eintritt von <strong>PRIMEN<\/strong> in den internationalen Metallmarkt hat es eine klare Position eingenommen und seine Ziele als Marktleader definiert.<\/p><p><strong>PRIMEN<\/strong> hat einen ehrgeizigen Plan und die Vision seines Hauptgesch\u00e4ftspartners verwirklicht und erweitert jetzt sein Gesch\u00e4ft mit neuen Projekten.<\/p>\t\t\t\t\t\t\t\t<\/div>\n\t\t\t\t<\/div>\n\t\t\t\t\t<\/div>\n\t\t<\/div>\n\t\t\t\t<div class=\"elementor-column elementor-col-50 elementor-inner-column elementor-element elementor-element-9ee5376 ot-flex-column-vertical\" data-id=\"9ee5376\" data-element_type=\"column\" data-e-type=\"column\">\n\t\t\t<div class=\"elementor-widget-wrap elementor-element-populated\">\n\t\t\t\t\t\t<div class=\"elementor-element elementor-element-41238a3 elementor-widget elementor-widget-text-editor\" data-id=\"41238a3\" data-element_type=\"widget\" data-e-type=\"widget\" data-widget_type=\"text-editor.default\">\n\t\t\t\t<div class=\"elementor-widget-container\">\n\t\t\t\t\t\t\t\t\t<p><strong>PRIMEN<\/strong> hat gezeigt, dass es ein klares Ziel hat: Seinen Rohstoffhandel haupts\u00e4chlich auf Win-Win-Lieferanten-K\u00e4ufer-Beziehungen mit f\u00fchrenden H\u00e4ndlern und Industrien auf internationaler Ebene aufzubauen.<\/p><p>Moderne Trends im Aluminiumhandel und ein neuer Ansatz f\u00fcr \u00f6kologische und soziale Nachhaltigkeit werden von der Gesch\u00e4ftsf\u00fchrung von PRIMEN als Grundlage einer langfristig erfolgreichen Strategie angesehen und bilden die DNA des wichtigsten Gesch\u00e4ftspartners.<\/p><p>Es ist die \u00dcberzeugung von PRIMEN, dass man, um langfristig erfolgreich zu sein, alle Ressourcen in der Wertsch\u00f6pfungskette verantwortungsvoll verwalten muss. Dazu geh\u00f6ren interne und externe Mitarbeiter und vor allem Rohstoffe.<\/p><p>Nachhaltigkeit ist daher f\u00fcr <strong>PRIMEN<\/strong> ein wichtiges Unternehmensprinzip.<\/p>\t\t\t\t\t\t\t\t<\/div>\n\t\t\t\t<\/div>\n\t\t\t\t\t<\/div>\n\t\t<\/div>\n\t\t\t\t\t<\/div>\n\t\t<\/section>\n\t\t\t\t\t<\/div>\n\t\t<\/div>\n\t\t\t\t\t<\/div>\n\t\t<\/section>\n\t\t\t\t<\/div>\n\t\t","protected":false},"excerpt":{"rendered":"<p>Primen wurde als Handelsunternehmen gegr\u00fcndet, dessen prim\u00e4res Ziel der Verkauf von qualifizierten Produkten im Bereich der Metallschrott, Gusslegierungen f\u00fcr die Kunststoffverarbeitung ist. Die Gesellschafter des Unternehmens k\u00f6nnen auf eine jahrzehntelange Erfahrung im Bereich der Metallrohstoffe, der Gie\u00dfereilegierungen und ihrer Anwendungen zur\u00fcckblicken. Das Gesch\u00e4ftsportfolio des Unternehmens umfasst Hochleistungsgussteile und Zerschlagt zur Herstellung von Sekund\u00e4rlegierungen sowie AlSi [&hellip;]<\/p>\n","protected":false},"author":1,"featured_media":0,"parent":0,"menu_order":0,"comment_status":"closed","ping_status":"closed","template":"","meta":{"footnotes":""},"class_list":["post-6307","page","type-page","status-publish","hentry"],"yoast_head":"<!-- This site is optimized with the Yoast SEO plugin v27.2 - https:\/\/yoast.com\/product\/yoast-seo-wordpress\/ -->\n<title>Unternehmen - PRIMEN<\/title>\n<meta name=\"robots\" content=\"index, follow, max-snippet:-1, max-image-preview:large, max-video-preview:-1\" \/>\n<link rel=\"canonical\" href=\"https:\/\/primen.eu\/de\/unternehmen\/\" \/>\n<meta property=\"og:locale\" content=\"de_DE\" \/>\n<meta property=\"og:type\" content=\"article\" \/>\n<meta property=\"og:title\" content=\"Unternehmen - PRIMEN\" \/>\n<meta property=\"og:description\" content=\"Primen wurde als Handelsunternehmen gegr\u00fcndet, dessen prim\u00e4res Ziel der Verkauf von qualifizierten Produkten im Bereich der Metallschrott, Gusslegierungen f\u00fcr die Kunststoffverarbeitung ist. Die Gesellschafter des Unternehmens k\u00f6nnen auf eine jahrzehntelange Erfahrung im Bereich der Metallrohstoffe, der Gie\u00dfereilegierungen und ihrer Anwendungen zur\u00fcckblicken. Das Gesch\u00e4ftsportfolio des Unternehmens umfasst Hochleistungsgussteile und Zerschlagt zur Herstellung von Sekund\u00e4rlegierungen sowie AlSi [&hellip;]\" \/>\n<meta property=\"og:url\" content=\"https:\/\/primen.eu\/de\/unternehmen\/\" \/>\n<meta property=\"og:site_name\" content=\"PRIMEN\" \/>\n<meta property=\"article:modified_time\" content=\"2023-08-03T07:59:06+00:00\" \/>\n<meta name=\"twitter:card\" content=\"summary_large_image\" \/>\n<meta name=\"twitter:label1\" content=\"Gesch\u00e4tzte Lesezeit\" \/>\n\t<meta name=\"twitter:data1\" content=\"2\u00a0Minuten\" \/>\n<script type=\"application\/ld+json\" class=\"yoast-schema-graph\">{\"@context\":\"https:\/\/schema.org\",\"@graph\":[{\"@type\":\"WebPage\",\"@id\":\"https:\/\/primen.eu\/de\/unternehmen\/\",\"url\":\"https:\/\/primen.eu\/de\/unternehmen\/\",\"name\":\"Unternehmen - PRIMEN\",\"isPartOf\":{\"@id\":\"https:\/\/primen.eu\/de\/#website\"},\"datePublished\":\"2020-05-07T08:35:38+00:00\",\"dateModified\":\"2023-08-03T07:59:06+00:00\",\"breadcrumb\":{\"@id\":\"https:\/\/primen.eu\/de\/unternehmen\/#breadcrumb\"},\"inLanguage\":\"de\",\"potentialAction\":[{\"@type\":\"ReadAction\",\"target\":[\"https:\/\/primen.eu\/de\/unternehmen\/\"]}]},{\"@type\":\"BreadcrumbList\",\"@id\":\"https:\/\/primen.eu\/de\/unternehmen\/#breadcrumb\",\"itemListElement\":[{\"@type\":\"ListItem\",\"position\":1,\"name\":\"Home\",\"item\":\"https:\/\/primen.eu\/de\/\"},{\"@type\":\"ListItem\",\"position\":2,\"name\":\"Unternehmen\"}]},{\"@type\":\"WebSite\",\"@id\":\"https:\/\/primen.eu\/de\/#website\",\"url\":\"https:\/\/primen.eu\/de\/\",\"name\":\"PRIMEN\",\"description\":\"Prime Metals Network\",\"publisher\":{\"@id\":\"https:\/\/primen.eu\/de\/#organization\"},\"potentialAction\":[{\"@type\":\"SearchAction\",\"target\":{\"@type\":\"EntryPoint\",\"urlTemplate\":\"https:\/\/primen.eu\/de\/?s={search_term_string}\"},\"query-input\":{\"@type\":\"PropertyValueSpecification\",\"valueRequired\":true,\"valueName\":\"search_term_string\"}}],\"inLanguage\":\"de\"},{\"@type\":\"Organization\",\"@id\":\"https:\/\/primen.eu\/de\/#organization\",\"name\":\"PRIMEN\",\"url\":\"https:\/\/primen.eu\/de\/\",\"logo\":{\"@type\":\"ImageObject\",\"inLanguage\":\"de\",\"@id\":\"https:\/\/primen.eu\/de\/#\/schema\/logo\/image\/\",\"url\":\"https:\/\/primen.eu\/wp-content\/uploads\/2020\/06\/logo.png\",\"contentUrl\":\"https:\/\/primen.eu\/wp-content\/uploads\/2020\/06\/logo.png\",\"width\":319,\"height\":64,\"caption\":\"PRIMEN\"},\"image\":{\"@id\":\"https:\/\/primen.eu\/de\/#\/schema\/logo\/image\/\"}}]}<\/script>\n<!-- \/ Yoast SEO plugin. -->","yoast_head_json":{"title":"Unternehmen - PRIMEN","robots":{"index":"index","follow":"follow","max-snippet":"max-snippet:-1","max-image-preview":"max-image-preview:large","max-video-preview":"max-video-preview:-1"},"canonical":"https:\/\/primen.eu\/de\/unternehmen\/","og_locale":"de_DE","og_type":"article","og_title":"Unternehmen - PRIMEN","og_description":"Primen wurde als Handelsunternehmen gegr\u00fcndet, dessen prim\u00e4res Ziel der Verkauf von qualifizierten Produkten im Bereich der Metallschrott, Gusslegierungen f\u00fcr die Kunststoffverarbeitung ist. Die Gesellschafter des Unternehmens k\u00f6nnen auf eine jahrzehntelange Erfahrung im Bereich der Metallrohstoffe, der Gie\u00dfereilegierungen und ihrer Anwendungen zur\u00fcckblicken. Das Gesch\u00e4ftsportfolio des Unternehmens umfasst Hochleistungsgussteile und Zerschlagt zur Herstellung von Sekund\u00e4rlegierungen sowie AlSi [&hellip;]","og_url":"https:\/\/primen.eu\/de\/unternehmen\/","og_site_name":"PRIMEN","article_modified_time":"2023-08-03T07:59:06+00:00","twitter_card":"summary_large_image","twitter_misc":{"Gesch\u00e4tzte Lesezeit":"2\u00a0Minuten"},"schema":{"@context":"https:\/\/schema.org","@graph":[{"@type":"WebPage","@id":"https:\/\/primen.eu\/de\/unternehmen\/","url":"https:\/\/primen.eu\/de\/unternehmen\/","name":"Unternehmen - PRIMEN","isPartOf":{"@id":"https:\/\/primen.eu\/de\/#website"},"datePublished":"2020-05-07T08:35:38+00:00","dateModified":"2023-08-03T07:59:06+00:00","breadcrumb":{"@id":"https:\/\/primen.eu\/de\/unternehmen\/#breadcrumb"},"inLanguage":"de","potentialAction":[{"@type":"ReadAction","target":["https:\/\/primen.eu\/de\/unternehmen\/"]}]},{"@type":"BreadcrumbList","@id":"https:\/\/primen.eu\/de\/unternehmen\/#breadcrumb","itemListElement":[{"@type":"ListItem","position":1,"name":"Home","item":"https:\/\/primen.eu\/de\/"},{"@type":"ListItem","position":2,"name":"Unternehmen"}]},{"@type":"WebSite","@id":"https:\/\/primen.eu\/de\/#website","url":"https:\/\/primen.eu\/de\/","name":"PRIMEN","description":"Prime Metals Network","publisher":{"@id":"https:\/\/primen.eu\/de\/#organization"},"potentialAction":[{"@type":"SearchAction","target":{"@type":"EntryPoint","urlTemplate":"https:\/\/primen.eu\/de\/?s={search_term_string}"},"query-input":{"@type":"PropertyValueSpecification","valueRequired":true,"valueName":"search_term_string"}}],"inLanguage":"de"},{"@type":"Organization","@id":"https:\/\/primen.eu\/de\/#organization","name":"PRIMEN","url":"https:\/\/primen.eu\/de\/","logo":{"@type":"ImageObject","inLanguage":"de","@id":"https:\/\/primen.eu\/de\/#\/schema\/logo\/image\/","url":"https:\/\/primen.eu\/wp-content\/uploads\/2020\/06\/logo.png","contentUrl":"https:\/\/primen.eu\/wp-content\/uploads\/2020\/06\/logo.png","width":319,"height":64,"caption":"PRIMEN"},"image":{"@id":"https:\/\/primen.eu\/de\/#\/schema\/logo\/image\/"}}]}},"_links":{"self":[{"href":"https:\/\/primen.eu\/de\/wp-json\/wp\/v2\/pages\/6307","targetHints":{"allow":["GET"]}}],"collection":[{"href":"https:\/\/primen.eu\/de\/wp-json\/wp\/v2\/pages"}],"about":[{"href":"https:\/\/primen.eu\/de\/wp-json\/wp\/v2\/types\/page"}],"author":[{"embeddable":true,"href":"https:\/\/primen.eu\/de\/wp-json\/wp\/v2\/users\/1"}],"replies":[{"embeddable":true,"href":"https:\/\/primen.eu\/de\/wp-json\/wp\/v2\/comments?post=6307"}],"version-history":[{"count":15,"href":"https:\/\/primen.eu\/de\/wp-json\/wp\/v2\/pages\/6307\/revisions"}],"predecessor-version":[{"id":7424,"href":"https:\/\/primen.eu\/de\/wp-json\/wp\/v2\/pages\/6307\/revisions\/7424"}],"wp:attachment":[{"href":"https:\/\/primen.eu\/de\/wp-json\/wp\/v2\/media?parent=6307"}],"curies":[{"name":"wp","href":"https:\/\/api.w.org\/{rel}","templated":true}]}}