{"id":6306,"date":"2020-05-07T08:35:38","date_gmt":"2020-05-07T08:35:38","guid":{"rendered":"https:\/\/primen.eu\/azienda\/"},"modified":"2023-08-03T08:02:19","modified_gmt":"2023-08-03T08:02:19","slug":"entreprise","status":"publish","type":"page","link":"https:\/\/primen.eu\/fr\/entreprise\/","title":{"rendered":"Entreprise"},"content":{"rendered":"\t\t<div data-elementor-type=\"wp-page\" data-elementor-id=\"6306\" class=\"elementor elementor-6306 elementor-1958\">\n\t\t\t\t\t\t<section class=\"elementor-section elementor-top-section elementor-element elementor-element-46a15d9 elementor-section-full_width elementor-section-height-min-height elementor-section-stretched elementor-section-height-default elementor-section-items-middle\" data-id=\"46a15d9\" data-element_type=\"section\" data-e-type=\"section\" data-settings=\"{&quot;stretch_section&quot;:&quot;section-stretched&quot;,&quot;background_background&quot;:&quot;slideshow&quot;,&quot;background_slideshow_gallery&quot;:[{&quot;id&quot;:&quot;7414&quot;,&quot;url&quot;:&quot;https:\\\/\\\/primen.eu\\\/wp-content\\\/uploads\\\/2023\\\/08\\\/Pagina-Azianda_HEADER-2.png&quot;}],&quot;background_slideshow_loop&quot;:&quot;yes&quot;,&quot;background_slideshow_slide_duration&quot;:5000,&quot;background_slideshow_slide_transition&quot;:&quot;fade&quot;,&quot;background_slideshow_transition_duration&quot;:500}\">\n\t\t\t\t\t\t<div class=\"elementor-container elementor-column-gap-default\">\n\t\t\t\t\t<div class=\"elementor-column elementor-col-100 elementor-top-column elementor-element elementor-element-c1dd7c4 ot-flex-column-vertical\" data-id=\"c1dd7c4\" data-element_type=\"column\" data-e-type=\"column\">\n\t\t\t<div class=\"elementor-widget-wrap\">\n\t\t\t\t\t\t\t<\/div>\n\t\t<\/div>\n\t\t\t\t\t<\/div>\n\t\t<\/section>\n\t\t\t\t<section class=\"elementor-section elementor-top-section elementor-element elementor-element-bdd9939 elementor-section-content-middle elementor-section-boxed elementor-section-height-default elementor-section-height-default\" data-id=\"bdd9939\" data-element_type=\"section\" data-e-type=\"section\" data-settings=\"{&quot;background_background&quot;:&quot;classic&quot;}\">\n\t\t\t\t\t\t<div class=\"elementor-container elementor-column-gap-extended\">\n\t\t\t\t\t<div class=\"elementor-column elementor-col-100 elementor-top-column elementor-element elementor-element-c955026 ot-flex-column-vertical\" data-id=\"c955026\" data-element_type=\"column\" data-e-type=\"column\" data-settings=\"{&quot;background_background&quot;:&quot;classic&quot;}\">\n\t\t\t<div class=\"elementor-widget-wrap elementor-element-populated\">\n\t\t\t\t\t\t<section class=\"elementor-section elementor-inner-section elementor-element elementor-element-1e509dd elementor-section-boxed elementor-section-height-default elementor-section-height-default\" data-id=\"1e509dd\" data-element_type=\"section\" data-e-type=\"section\">\n\t\t\t\t\t\t<div class=\"elementor-container elementor-column-gap-default\">\n\t\t\t\t\t<div class=\"elementor-column elementor-col-50 elementor-inner-column elementor-element elementor-element-af27e2d ot-flex-column-vertical\" data-id=\"af27e2d\" data-element_type=\"column\" data-e-type=\"column\">\n\t\t\t<div class=\"elementor-widget-wrap elementor-element-populated\">\n\t\t\t\t\t\t<div class=\"elementor-element elementor-element-4408703 elementor-widget elementor-widget-text-editor\" data-id=\"4408703\" data-element_type=\"widget\" data-e-type=\"widget\" data-widget_type=\"text-editor.default\">\n\t\t\t\t<div class=\"elementor-widget-container\">\n\t\t\t\t\t\t\t\t\t<p><strong>Primen<\/strong> est n\u00e9e en tant qu&rsquo;entreprise commerciale dont l&rsquo;objectif principal est la vente de produits qualifi\u00e9s dans le secteur des d\u00e9chets d\u2019aluminium, des alliages pour fonderie et pour d\u00e9formation plastique.\u00a0Les actionnaires de la Soci\u00e9t\u00e9 poss\u00e8dent de d\u00e9cennies d&rsquo;exp\u00e9rience dans le secteur des mati\u00e8res premi\u00e8res m\u00e9talliques, des alliages de fonderie et de leurs applications.\u00a0Le portefeuille commercial de la soci\u00e9t\u00e9 comprend des pi\u00e8ces moul\u00e9es \u00e0 haut rendement et des d\u00e9chets fragment\u00e9s pour la production d&rsquo;alliages secondaires ainsi que d&rsquo;AlSi PFA, ADC12 ou d&rsquo;autres alliages d&rsquo;aluminium secondaires.<\/p><p>Depuis son entr\u00e9e sur le march\u00e9 international des m\u00e9taux, <strong>PRIMEN<\/strong> a adopt\u00e9 une position claire et d\u00e9fini ses objectifs en tant que leader du march\u00e9.\u00a0<strong>PRIMEN<\/strong> a r\u00e9alis\u00e9 un plan ambitieux et la vision de son principal partenaire strat\u00e9gique, et \u00e9tend maintenant son activit\u00e9 avec de nouveaux projets.<\/p>\t\t\t\t\t\t\t\t<\/div>\n\t\t\t\t<\/div>\n\t\t\t\t\t<\/div>\n\t\t<\/div>\n\t\t\t\t<div class=\"elementor-column elementor-col-50 elementor-inner-column elementor-element elementor-element-9ee5376 ot-flex-column-vertical\" data-id=\"9ee5376\" data-element_type=\"column\" data-e-type=\"column\">\n\t\t\t<div class=\"elementor-widget-wrap elementor-element-populated\">\n\t\t\t\t\t\t<div class=\"elementor-element elementor-element-41238a3 elementor-widget elementor-widget-text-editor\" data-id=\"41238a3\" data-element_type=\"widget\" data-e-type=\"widget\" data-widget_type=\"text-editor.default\">\n\t\t\t\t<div class=\"elementor-widget-container\">\n\t\t\t\t\t\t\t\t\t<p><strong>PRIMEN<\/strong> a d\u00e9montr\u00e9 un objectif clair: construire son activit\u00e9 de n\u00e9goce de mati\u00e8res premi\u00e8res principalement sur des relations win-win entre le fournisseur et l\u2019acheteur, tant avec les usines qu\u2019avec les soci\u00e9t\u00e9s de trading de premier plan \u00e0 l&rsquo;\u00e9chelle internationale. Les tendances modernes du commerce de l&rsquo;aluminium et une constante valorisation de la durabilit\u00e9 environnementale et sociale sont consid\u00e9r\u00e9es par la direction de PRIMEN comme la base d&rsquo;une strat\u00e9gie de succ\u00e8s \u00e0 long terme et reproduisent l&rsquo;ADN du principal partenaire institutionnel. C&rsquo;est la conviction de <strong>PRIMEN<\/strong> que pour r\u00e9ussir \u00e0 long terme, il est n\u00e9cessaire de g\u00e9rer de mani\u00e8re responsable toutes les ressources impliqu\u00e9es dans la cha\u00eene de cr\u00e9ation de valeur. Cela inclut les collaborateurs internes et externes, et surtout les mati\u00e8res premi\u00e8res.<\/p><p>La durabilit\u00e9 est donc un principe d&rsquo;entreprise important pour <strong>PRIMEN.<\/strong><\/p><p>.<\/p>\t\t\t\t\t\t\t\t<\/div>\n\t\t\t\t<\/div>\n\t\t\t\t\t<\/div>\n\t\t<\/div>\n\t\t\t\t\t<\/div>\n\t\t<\/section>\n\t\t\t\t\t<\/div>\n\t\t<\/div>\n\t\t\t\t\t<\/div>\n\t\t<\/section>\n\t\t\t\t<\/div>\n\t\t","protected":false},"excerpt":{"rendered":"<p>Primen est n\u00e9e en tant qu&rsquo;entreprise commerciale dont l&rsquo;objectif principal est la vente de produits qualifi\u00e9s dans le secteur des d\u00e9chets d\u2019aluminium, des alliages pour fonderie et pour d\u00e9formation plastique.\u00a0Les actionnaires de la Soci\u00e9t\u00e9 poss\u00e8dent de d\u00e9cennies d&rsquo;exp\u00e9rience dans le secteur des mati\u00e8res premi\u00e8res m\u00e9talliques, des alliages de fonderie et de leurs applications.\u00a0Le portefeuille commercial [&hellip;]<\/p>\n","protected":false},"author":1,"featured_media":0,"parent":0,"menu_order":0,"comment_status":"closed","ping_status":"closed","template":"","meta":{"footnotes":""},"class_list":["post-6306","page","type-page","status-publish","hentry"],"yoast_head":"<!-- This site is optimized with the Yoast SEO plugin v27.2 - https:\/\/yoast.com\/product\/yoast-seo-wordpress\/ -->\n<title>Entreprise - PRIMEN<\/title>\n<meta name=\"robots\" content=\"index, follow, max-snippet:-1, max-image-preview:large, max-video-preview:-1\" \/>\n<link rel=\"canonical\" href=\"https:\/\/primen.eu\/fr\/entreprise\/\" \/>\n<meta property=\"og:locale\" content=\"fr_FR\" \/>\n<meta property=\"og:type\" content=\"article\" \/>\n<meta property=\"og:title\" content=\"Entreprise - PRIMEN\" \/>\n<meta property=\"og:description\" content=\"Primen est n\u00e9e en tant qu&rsquo;entreprise commerciale dont l&rsquo;objectif principal est la vente de produits qualifi\u00e9s dans le secteur des d\u00e9chets d\u2019aluminium, des alliages pour fonderie et pour d\u00e9formation plastique.\u00a0Les actionnaires de la Soci\u00e9t\u00e9 poss\u00e8dent de d\u00e9cennies d&rsquo;exp\u00e9rience dans le secteur des mati\u00e8res premi\u00e8res m\u00e9talliques, des alliages de fonderie et de leurs applications.\u00a0Le portefeuille commercial [&hellip;]\" \/>\n<meta property=\"og:url\" content=\"https:\/\/primen.eu\/fr\/entreprise\/\" \/>\n<meta property=\"og:site_name\" content=\"PRIMEN\" \/>\n<meta property=\"article:modified_time\" content=\"2023-08-03T08:02:19+00:00\" \/>\n<meta name=\"twitter:card\" content=\"summary_large_image\" \/>\n<meta name=\"twitter:label1\" content=\"Dur\u00e9e de lecture estim\u00e9e\" \/>\n\t<meta name=\"twitter:data1\" content=\"2 minutes\" \/>\n<script type=\"application\/ld+json\" class=\"yoast-schema-graph\">{\"@context\":\"https:\/\/schema.org\",\"@graph\":[{\"@type\":\"WebPage\",\"@id\":\"https:\/\/primen.eu\/fr\/entreprise\/\",\"url\":\"https:\/\/primen.eu\/fr\/entreprise\/\",\"name\":\"Entreprise - PRIMEN\",\"isPartOf\":{\"@id\":\"https:\/\/primen.eu\/fr\/#website\"},\"datePublished\":\"2020-05-07T08:35:38+00:00\",\"dateModified\":\"2023-08-03T08:02:19+00:00\",\"breadcrumb\":{\"@id\":\"https:\/\/primen.eu\/fr\/entreprise\/#breadcrumb\"},\"inLanguage\":\"fr-FR\",\"potentialAction\":[{\"@type\":\"ReadAction\",\"target\":[\"https:\/\/primen.eu\/fr\/entreprise\/\"]}]},{\"@type\":\"BreadcrumbList\",\"@id\":\"https:\/\/primen.eu\/fr\/entreprise\/#breadcrumb\",\"itemListElement\":[{\"@type\":\"ListItem\",\"position\":1,\"name\":\"Home\",\"item\":\"https:\/\/primen.eu\/fr\/\"},{\"@type\":\"ListItem\",\"position\":2,\"name\":\"Entreprise\"}]},{\"@type\":\"WebSite\",\"@id\":\"https:\/\/primen.eu\/fr\/#website\",\"url\":\"https:\/\/primen.eu\/fr\/\",\"name\":\"PRIMEN\",\"description\":\"Prime Metals Network\",\"publisher\":{\"@id\":\"https:\/\/primen.eu\/fr\/#organization\"},\"potentialAction\":[{\"@type\":\"SearchAction\",\"target\":{\"@type\":\"EntryPoint\",\"urlTemplate\":\"https:\/\/primen.eu\/fr\/?s={search_term_string}\"},\"query-input\":{\"@type\":\"PropertyValueSpecification\",\"valueRequired\":true,\"valueName\":\"search_term_string\"}}],\"inLanguage\":\"fr-FR\"},{\"@type\":\"Organization\",\"@id\":\"https:\/\/primen.eu\/fr\/#organization\",\"name\":\"PRIMEN\",\"url\":\"https:\/\/primen.eu\/fr\/\",\"logo\":{\"@type\":\"ImageObject\",\"inLanguage\":\"fr-FR\",\"@id\":\"https:\/\/primen.eu\/fr\/#\/schema\/logo\/image\/\",\"url\":\"https:\/\/primen.eu\/wp-content\/uploads\/2020\/06\/logo.png\",\"contentUrl\":\"https:\/\/primen.eu\/wp-content\/uploads\/2020\/06\/logo.png\",\"width\":319,\"height\":64,\"caption\":\"PRIMEN\"},\"image\":{\"@id\":\"https:\/\/primen.eu\/fr\/#\/schema\/logo\/image\/\"}}]}<\/script>\n<!-- \/ Yoast SEO plugin. -->","yoast_head_json":{"title":"Entreprise - PRIMEN","robots":{"index":"index","follow":"follow","max-snippet":"max-snippet:-1","max-image-preview":"max-image-preview:large","max-video-preview":"max-video-preview:-1"},"canonical":"https:\/\/primen.eu\/fr\/entreprise\/","og_locale":"fr_FR","og_type":"article","og_title":"Entreprise - PRIMEN","og_description":"Primen est n\u00e9e en tant qu&rsquo;entreprise commerciale dont l&rsquo;objectif principal est la vente de produits qualifi\u00e9s dans le secteur des d\u00e9chets d\u2019aluminium, des alliages pour fonderie et pour d\u00e9formation plastique.\u00a0Les actionnaires de la Soci\u00e9t\u00e9 poss\u00e8dent de d\u00e9cennies d&rsquo;exp\u00e9rience dans le secteur des mati\u00e8res premi\u00e8res m\u00e9talliques, des alliages de fonderie et de leurs applications.\u00a0Le portefeuille commercial [&hellip;]","og_url":"https:\/\/primen.eu\/fr\/entreprise\/","og_site_name":"PRIMEN","article_modified_time":"2023-08-03T08:02:19+00:00","twitter_card":"summary_large_image","twitter_misc":{"Dur\u00e9e de lecture estim\u00e9e":"2 minutes"},"schema":{"@context":"https:\/\/schema.org","@graph":[{"@type":"WebPage","@id":"https:\/\/primen.eu\/fr\/entreprise\/","url":"https:\/\/primen.eu\/fr\/entreprise\/","name":"Entreprise - PRIMEN","isPartOf":{"@id":"https:\/\/primen.eu\/fr\/#website"},"datePublished":"2020-05-07T08:35:38+00:00","dateModified":"2023-08-03T08:02:19+00:00","breadcrumb":{"@id":"https:\/\/primen.eu\/fr\/entreprise\/#breadcrumb"},"inLanguage":"fr-FR","potentialAction":[{"@type":"ReadAction","target":["https:\/\/primen.eu\/fr\/entreprise\/"]}]},{"@type":"BreadcrumbList","@id":"https:\/\/primen.eu\/fr\/entreprise\/#breadcrumb","itemListElement":[{"@type":"ListItem","position":1,"name":"Home","item":"https:\/\/primen.eu\/fr\/"},{"@type":"ListItem","position":2,"name":"Entreprise"}]},{"@type":"WebSite","@id":"https:\/\/primen.eu\/fr\/#website","url":"https:\/\/primen.eu\/fr\/","name":"PRIMEN","description":"Prime Metals Network","publisher":{"@id":"https:\/\/primen.eu\/fr\/#organization"},"potentialAction":[{"@type":"SearchAction","target":{"@type":"EntryPoint","urlTemplate":"https:\/\/primen.eu\/fr\/?s={search_term_string}"},"query-input":{"@type":"PropertyValueSpecification","valueRequired":true,"valueName":"search_term_string"}}],"inLanguage":"fr-FR"},{"@type":"Organization","@id":"https:\/\/primen.eu\/fr\/#organization","name":"PRIMEN","url":"https:\/\/primen.eu\/fr\/","logo":{"@type":"ImageObject","inLanguage":"fr-FR","@id":"https:\/\/primen.eu\/fr\/#\/schema\/logo\/image\/","url":"https:\/\/primen.eu\/wp-content\/uploads\/2020\/06\/logo.png","contentUrl":"https:\/\/primen.eu\/wp-content\/uploads\/2020\/06\/logo.png","width":319,"height":64,"caption":"PRIMEN"},"image":{"@id":"https:\/\/primen.eu\/fr\/#\/schema\/logo\/image\/"}}]}},"_links":{"self":[{"href":"https:\/\/primen.eu\/fr\/wp-json\/wp\/v2\/pages\/6306","targetHints":{"allow":["GET"]}}],"collection":[{"href":"https:\/\/primen.eu\/fr\/wp-json\/wp\/v2\/pages"}],"about":[{"href":"https:\/\/primen.eu\/fr\/wp-json\/wp\/v2\/types\/page"}],"author":[{"embeddable":true,"href":"https:\/\/primen.eu\/fr\/wp-json\/wp\/v2\/users\/1"}],"replies":[{"embeddable":true,"href":"https:\/\/primen.eu\/fr\/wp-json\/wp\/v2\/comments?post=6306"}],"version-history":[{"count":19,"href":"https:\/\/primen.eu\/fr\/wp-json\/wp\/v2\/pages\/6306\/revisions"}],"predecessor-version":[{"id":7447,"href":"https:\/\/primen.eu\/fr\/wp-json\/wp\/v2\/pages\/6306\/revisions\/7447"}],"wp:attachment":[{"href":"https:\/\/primen.eu\/fr\/wp-json\/wp\/v2\/media?parent=6306"}],"curies":[{"name":"wp","href":"https:\/\/api.w.org\/{rel}","templated":true}]}}